{"id":55,"date":"2019-04-07T15:23:02","date_gmt":"2019-04-07T13:23:02","guid":{"rendered":"http:\/\/www.ambassadeniger-fr.org\/version-wp-2019\/?page_id=55"},"modified":"2019-04-07T16:32:04","modified_gmt":"2019-04-07T14:32:04","slug":"politique-et-diplomatie","status":"publish","type":"page","link":"https:\/\/www.ambassadeniger-fr.org\/version-wp-2019\/?page_id=55","title":{"rendered":"Politique et diplomatie"},"content":{"rendered":"\n<p>Les relations Franco-nig\u00e9riennes ont toujours \u00e9t\u00e9 chaleureuses et tr\u00e8s \u00e9troites.<\/p>\n\n\n\n<p>Hamani Diori, premier Pr\u00e9sident du Niger de 1960 \u00e0 1974, fut notamment l\u2019un des p\u00e8res fondateurs de la Francophonie.<\/p>\n\n\n\n<p>Au cours de la p\u00e9riode 2005-2009, outre la visite du Pr\u00e9sident Sarkozy, le Niger a accueilli une dizaine de&nbsp; personnalit\u00e9s fran\u00e7aises.<\/p>\n","protected":false},"excerpt":{"rendered":"<p>Les relations Franco-nig\u00e9riennes ont toujours \u00e9t\u00e9 chaleureuses et tr\u00e8s \u00e9troites. Hamani Diori, premier Pr\u00e9sident du Niger de 1960 \u00e0 1974,<\/p>\n","protected":false},"author":1,"featured_media":0,"parent":0,"menu_order":0,"comment_status":"closed","ping_status":"closed","template":"","meta":[],"_links":{"self":[{"href":"https:\/\/www.ambassadeniger-fr.org\/version-wp-2019\/index.php?rest_route=\/wp\/v2\/pages\/55"}],"collection":[{"href":"https:\/\/www.ambassadeniger-fr.org\/version-wp-2019\/index.php?rest_route=\/wp\/v2\/pages"}],"about":[{"href":"https:\/\/www.ambassadeniger-fr.org\/version-wp-2019\/index.php?rest_route=\/wp\/v2\/types\/page"}],"author":[{"embeddable":true,"href":"https:\/\/www.ambassadeniger-fr.org\/version-wp-2019\/index.php?rest_route=\/wp\/v2\/users\/1"}],"replies":[{"embeddable":true,"href":"https:\/\/www.ambassadeniger-fr.org\/version-wp-2019\/index.php?rest_route=%2Fwp%2Fv2%2Fcomments&post=55"}],"version-history":[{"count":2,"href":"https:\/\/www.ambassadeniger-fr.org\/version-wp-2019\/index.php?rest_route=\/wp\/v2\/pages\/55\/revisions"}],"predecessor-version":[{"id":150,"href":"https:\/\/www.ambassadeniger-fr.org\/version-wp-2019\/index.php?rest_route=\/wp\/v2\/pages\/55\/revisions\/150"}],"wp:attachment":[{"href":"https:\/\/www.ambassadeniger-fr.org\/version-wp-2019\/index.php?rest_route=%2Fwp%2Fv2%2Fmedia&parent=55"}],"curies":[{"name":"wp","href":"https:\/\/api.w.org\/{rel}","templated":true}]}}