{"id":53,"date":"2019-04-07T15:23:02","date_gmt":"2019-04-07T13:23:02","guid":{"rendered":"http:\/\/www.ambassadeniger-fr.org\/version-wp-2019\/?page_id=53"},"modified":"2025-06-16T15:06:18","modified_gmt":"2025-06-16T13:06:18","slug":"sejour-au-niger","status":"publish","type":"page","link":"https:\/\/www.ambassadeniger-fr.org\/version-wp-2019\/?page_id=53","title":{"rendered":"S\u00e9jour au Niger"},"content":{"rendered":"\n<p><strong>VISA<\/strong><\/p>\n\n\n\n<p>Le visa est obligatoire pour entrer au Niger sauf pour les ressortissants des pays membres de la Communaut\u00e9 Economique des Etats de l&rsquo;Afrique de l&rsquo;Ouest (CEDEAO) et de certains Etats avec lesquels le Niger est li\u00e9 par des accords sur la suppression de visa de court s\u00e9jour. Ces Etats sont la Tunisie, le Maroc, Le Tchad, Cuba ; l\u2019Alg\u00e9rie, la Turquie et l\u2019Indon\u00e9sie pour les passeports diplomatiques et de service.<\/p>\n\n\n\n<p>Toutefois, les ressortissants des pays ayant conclu un accord pour la suppression r\u00e9ciproque du visa, qui \u00e0 l\u2019occasion d\u2019un s\u00e9jour au Niger ont fait l\u2019objet soit d\u2019une mesure d\u2019expulsion, soit d\u2019une d\u00e9cision de refus d\u2019autorisation de s\u00e9jour ou de retrait de titre de s\u00e9jour portant interdiction de r\u00e9sider au Niger, sont astreints \u00e0 la formalit\u00e9 de visa pour rentrer au Niger.<\/p>\n\n\n\n<p>Le visa est d\u00e9livr\u00e9 dans un d\u00e9lai de 5 jours ouvrables \u00e0 compter de la date de r\u00e9ception du dossier.<br> Les frais de visa sont fix\u00e9s comme suit :<\/p>\n\n\n\n<ul><li>Visa entr\u00e9e simple \/Tourisme ou Affaires (1 mois)  &#8230;&#8230;&#8230;&#8230;90 \u20ac<\/li><li> Visa plusieurs entr\u00e9es \/Tourisme ou Affaires (3 mois)&#8230;..  150 \u20ac<\/li><li> Visa plusieurs entr\u00e9es (6 mois) &#8230;&#8230;&#8230;&#8230;&#8230;&#8230;&#8230;&#8230;&#8230;&#8230;&#8230;&#8230;&#8230;&#8230;&#8230;..  200 \u20ac<\/li><\/ul>\n\n\n\n<p><strong>NB&nbsp;:<\/strong> Des frais suppl\u00e9mentaires peuvent s\u2019appliquer en cas d\u2019urgence exceptionnelle dans la d\u00e9livrance de visa (50) euros.<\/p>\n\n\n\n<p>Il\nconvient de noter que les frais consulaires ne sont, en aucun cas remboursables.<\/p>\n\n\n\n<p>Pour les officiels en mission et titulaires de passeport diplomatique ou de service, seule une note verbale est exig\u00e9e.<\/p>\n\n\n\n<p>En plus du passeport en cours de validit\u00e9, le formulaire de demande de visa disponible sur ce site et au secr\u00e9tariat du service consulaire, doit \u00eatre d\u00fbment rempli en 2 exemplaires, accompagn\u00e9 de 2 photos d\u2019identit\u00e9, 2 photocopies du passeport, d\u2019une copie du billet d\u2019avion, d\u2019un certificat de vaccination contre la fi\u00e8vre jaune.<\/p>\n\n\n\n<p>Pour les journalistes \u00e9trangers qui partent au Niger pour une mission professionnelle de reportage, une autorisation de tournage d\u00fbment d\u00e9livr\u00e9e par le Minist\u00e8re nig\u00e9rien en charge de la communication est requise en plus des autres pi\u00e8ces composant le dossier.<\/p>\n\n\n\n<p>Pour les enfants mineurs non accompagn\u00e9s de leurs parents, une autorisation du repr\u00e9sentant l\u00e9gal dument sign\u00e9e en l\u2019occurrence le d\u00e9tenteur de l\u2019autorit\u00e9 parentale, accompagn\u00e9e d\u2019une copie de son passeport sont \u00e9galement requises.<\/p>\n\n\n\n<p>Pour l\u2019enfant mineur accompagn\u00e9 par un de ses parents, une autorisation sign\u00e9e de l\u2019autre parent qui ne voyage pas ainsi que la copie de son passeport doivent \u00e9galement \u00eatre vers\u00e9es au dossier.<\/p>\n\n\n\n<p>Lorsque le dossier est envoy\u00e9 \u00e0 l\u2019ambassade par courrier, il doit y \u00eatre joint une enveloppe retour recommand\u00e9e avec accus\u00e9 de r\u00e9ception portant l\u2019adresse du destinataire. Chronopost en cas d\u2019urgence.<\/p>\n\n\n\n<ul><li>Certification de signature, l\u00e9galisation de documents et autres pi\u00e8ces relatives \u00e0 l&rsquo;autorisation d&rsquo;exercice des Soci\u00e9t\u00e9s Etrang\u00e8res au Niger   &#8230;&#8230;&#8230;&#8230;&#8230;&#8230;&#8230;&#8230;&#8230;&#8230;&#8230;&#8230;&#8230;&#8230;&#8230;&#8230;&#8230;&#8230;&#8230;&#8230;&#8230;&#8230;&#8230;&#8230;&#8230;&#8230;&#8230;250 Euros\/ document. <\/li><\/ul>\n\n\n\n<p>Tous les r\u00e8glements \u00e0 l\u2019ambassade se font en esp\u00e8ces ou par la voie des agences de visa contre remise de re\u00e7u. Les ch\u00e8ques,&nbsp; cartes de cr\u00e9dit et mandat cash ne sont pas accept\u00e9s.<\/p>\n\n\n\n<h2>Formulaires<\/h2>\n\n\n\n<p><a href=\"https:\/\/www.ambassadeniger-fr.org\/version-wp-2019\/wp-content\/uploads\/2025\/01\/PIECES-A-FOURNIR-DEMANDE-DE-VISA..pdf\">PIECES A FOURNIR POUR LA DEMANDE DE VISA<\/a><\/p>\n\n\n\n<p><a href=\"https:\/\/www.ambassadeniger-fr.org\/version-wp-2019\/wp-content\/uploads\/2025\/06\/formulaire-demande-de-visa.doc\" target=\"_blank\" rel=\"noreferrer noopener\">T\u00e9l\u00e9chargez le formulaire de demande de visa<\/a><\/p>\n\n\n\n<p>Informations pratiques :<\/p>\n\n\n\n<h3>Se rendre au Niger<\/h3>\n\n\n\n<p>Plusieurs compagnies a\u00e9riennes desservent r\u00e9guli\u00e8rement le Niger \u00e0 partir de l\u2019Europe et d\u2019ailleurs<\/p>\n\n\n\n<p>\u2022 Air France<br> Internet : <a href=\"http:\/\/www.airfrance.fr\">www.airfrance.fr<\/a><\/p>\n\n\n\n<p>\u2022 Royal Air Maroc<br> Internet : <a href=\"http:\/\/www.royalairmaroc.com\">www.royalairmaroc.com<\/a><\/p>\n\n\n\n<p>\u2022 Air Alg\u00e9rie<br> Internet : www.airalgerie.dz<\/p>\n\n\n\n<p>\u2022 Turkish Airlines<br> Internet : <a href=\"http:\/\/www.turkishairlines.com\">www.turkishairlines.com<\/a><\/p>\n\n\n\n<p>\u2022 Tunisair<br> Internet : <a href=\"http:\/\/www.tunisair.com\">www.tunisair.com<\/a><\/p>\n\n\n\n<p>\u2022 Ethiopian Airlines<br> Internet : <a href=\"http:\/\/www.ethiopianairlines.com\">www.ethiopianairlines.com<\/a><\/p>\n\n\n\n<p>\u2022 Asky airlines<br> Internet : <a href=\"http:\/\/www.flyasky.com\">www.flyasky.com<\/a><\/p>\n\n\n\n<p>\u2022 Air Ivoire<br> Internet : <a href=\"http:\/\/www.aircotedivoire.com\">www.aircotedivoire.com<\/a><\/p>\n\n\n\n<p>Niamey est aussi reli\u00e9e aux capitales africaines dont entre autres Ouagadougou, Bamako, Dakar, Abidjan, Tripoli, Alger, etc.<\/p>\n\n\n\n<h3>Le tourisme au Niger \u2013 Contact<\/h3>\n\n\n\n<p>Centre Nig\u00e9rien de Promotion Touristique<br> Rue du Pr\u00e9sident Heinrich Lubk\u00e9<br> BP 612 Niamey<br> T : (+ 227) 20 73 24 47<br> Internet : <a href=\"http:\/\/www.niger-tourisme.com\">www.niger-tourisme.com<\/a><\/p>\n\n\n\n<p>Ambassade du Niger \u00e0 Paris<br> 154 rue de Longchamp<br> 75116 \u2013 Paris<br> T : 01 45 04 80 60<br> F : 01 45 04 79 73<br> Internet : <a href=\"http:\/\/www.ambassadeniger-fr.org\">www.ambassadeniger-fr.org<\/a><\/p>\n\n\n\n<h3>Principaux h\u00f4tels<\/h3>\n\n\n\n<p>Liste non exhaustive<\/p>\n\n\n\n<p>\u2022 H\u00f4tel Gaweye<br> Place Kennedy<br> BP 11008 &#8211; Niamey<br> T : (+227) 23 90 00 19 \/ 21 \/ 24<br> T : (+227) 92 28 47 72<br> F : (+227) 20 72 33 47<br> Internet : <a href=\"http:\/\/www.hotel-gaweyeniger.com\">www.hotel-gaweyeniger.com<\/a><\/p>\n\n\n\n<p>Grand H\u00f4tel du Niger<br> BP 471 &#8211; Niamey<br> T : (+227) 20 73 22 16<br> F : (+227) 20 73 26 43<br> Internet : <a href=\"http:\/\/www.grandhotelniger.com\">www.grandhotelniger.com<\/a><\/p>\n\n\n\n<p>H\u00f4tel T\u00e9n\u00e9r\u00e9<br> Avenue de la Libert\u00e9<br> BP 10734 &#8211; Niamey<br> T : (+227) 20 73 20 20 \/ 20 73 30 55<br> F : (+227) 20 73 30 45<br> Internet : <a href=\"http:\/\/www.hotel-tenere-niger.com\">www.hotel-tenere-niger.com<\/a><\/p>\n\n\n\n<p>H\u00f4tel Terminus<br> BP 882 &#8211; Niamey<br> T : (+ 227) 20 73 22 52<br> F : (+ 227) 20 73 39 74<br> Internet : <a href=\"http:\/\/www.hotel-terminus-niger.com\">www.hotel-terminus-niger.com<\/a><\/p>\n\n\n\n<p>Niger Soluxe Hotel<br> 1100 avenue de l\u2019Afrique<br> Niamey<br> T : (+227) 20 33 22 22<br> Internet : <a href=\"http:\/\/www.soluxeint.com\">www.soluxeint.com<\/a><\/p>\n\n\n\n<p>H\u00f4tel Nikki<br> BP 12244 \u2013 Niamey<br> T : (+227) 20 75 25 20<\/p>\n\n\n\n<p>H\u00f4tel Dalia<br> Deuxi\u00e8me Arrondissement &#8211; Niamey<br> T : (+227) 90 35 85 33<\/p>\n\n\n\n<p>H\u00f4tel du Sahel<br> Rue du Sahel<br> BP 627 \u2013 Niamey<br> T : (+227) 20 73 24 31<\/p>\n\n\n\n<p>H\u00f4tel de la Tapoa<br> Parc national du W<br> BP 12 753 \u2013 La Tapoa<br> T : (+227) 96 28 81 83 \/ 96 78 04 73<br> Internet : <a href=\"http:\/\/hotel-tapoa.com\/\">hotel-tapoa.com<\/a><\/p>\n\n\n\n<h3>La France au Niger<\/h3>\n\n\n\n<p>Ambassade de France<br> Route de Tondibia<br> BP 10 660 &#8211; Niamey<br> T : (+ 227) 20 72 24 31 \/ 32 \/ 33<br> F : (+ 227) 20 72 25 18<br> Internet : <a href=\"http:\/\/www.ambafrance-ne.org\">www.ambafrance-ne.org<\/a><\/p>\n\n\n\n<p>Centres Culturels Franco-Nig\u00e9riens<\/p>\n\n\n\n<p>\u2022 Centre Culturel Franco-Nig\u00e9rien Jean Rouch<br> BP 11413 &#8211; Niamey<br> T : (+ 227) 73 48 34 \/ 73 42 40<br> F : (+ 227) 73 47 68<br> Internet : <a href=\"http:\/\/www.ccfnjeanrouch.org\">www.ccfnjeanrouch.org<\/a><\/p>\n\n\n\n<p>\u2022 Centre Culturel Franco-Nig\u00e9rien de Zinder<br> BP 154 &#8211; Zinder<br> T\/F : (+ 227) 510 535<br> Alliance Fran\u00e7aise<br> BP 426 &#8211; Maradi<br> T : (+ 227) 20 41 15 99<\/p>\n","protected":false},"excerpt":{"rendered":"<p>VISA Le visa est obligatoire pour entrer au Niger sauf pour les ressortissants des pays membres de la Communaut\u00e9 Economique<\/p>\n","protected":false},"author":1,"featured_media":0,"parent":0,"menu_order":0,"comment_status":"closed","ping_status":"closed","template":"","meta":[],"_links":{"self":[{"href":"https:\/\/www.ambassadeniger-fr.org\/version-wp-2019\/index.php?rest_route=\/wp\/v2\/pages\/53"}],"collection":[{"href":"https:\/\/www.ambassadeniger-fr.org\/version-wp-2019\/index.php?rest_route=\/wp\/v2\/pages"}],"about":[{"href":"https:\/\/www.ambassadeniger-fr.org\/version-wp-2019\/index.php?rest_route=\/wp\/v2\/types\/page"}],"author":[{"embeddable":true,"href":"https:\/\/www.ambassadeniger-fr.org\/version-wp-2019\/index.php?rest_route=\/wp\/v2\/users\/1"}],"replies":[{"embeddable":true,"href":"https:\/\/www.ambassadeniger-fr.org\/version-wp-2019\/index.php?rest_route=%2Fwp%2Fv2%2Fcomments&post=53"}],"version-history":[{"count":15,"href":"https:\/\/www.ambassadeniger-fr.org\/version-wp-2019\/index.php?rest_route=\/wp\/v2\/pages\/53\/revisions"}],"predecessor-version":[{"id":1254,"href":"https:\/\/www.ambassadeniger-fr.org\/version-wp-2019\/index.php?rest_route=\/wp\/v2\/pages\/53\/revisions\/1254"}],"wp:attachment":[{"href":"https:\/\/www.ambassadeniger-fr.org\/version-wp-2019\/index.php?rest_route=%2Fwp%2Fv2%2Fmedia&parent=53"}],"curies":[{"name":"wp","href":"https:\/\/api.w.org\/{rel}","templated":true}]}}