{"id":46,"date":"2019-04-07T15:07:53","date_gmt":"2019-04-07T13:07:53","guid":{"rendered":"http:\/\/www.ambassadeniger-fr.org\/version-wp-2019\/?page_id=46"},"modified":"2023-09-04T13:15:35","modified_gmt":"2023-09-04T11:15:35","slug":"consulats-honoraires-du-niger-en-france","status":"publish","type":"page","link":"https:\/\/www.ambassadeniger-fr.org\/version-wp-2019\/?page_id=46","title":{"rendered":"Consulats honoraires du Niger en France"},"content":{"rendered":"\n<p><em>Consulat honoraire \u00e0 Lyon<\/em><br>&#8211; <strong>En instance de d\u00e9signation<\/strong> &#8211;<br> Consul honoraire<br> <br> T\u00e9l. : <\/p>\n\n\n\n<p><em>Consulat honoraire \u00e0 Marseille<\/em><br><strong>Monsieur Fr\u00e9d\u00e9ric Berthoz<\/strong> &#8211;<br> Consul honoraire<br> 09A, Boulevard National &#8211; 13001 Marseille<br> T\u00e9l. : 04 91 33 86 45<br> Fax : 04 91 54 29 80<\/p>\n\n\n\n<p><em>Consulat honoraire \u00e0 <\/em>Bordeaux<br>&#8211; <strong>En instance d\u00e9signation<\/strong> &#8211; <br> <br> T\u00e9l. : <br> Fax :  <\/p>\n","protected":false},"excerpt":{"rendered":"<p>Consulat honoraire \u00e0 Lyon&#8211; En instance de d\u00e9signation &#8211; Consul honoraire T\u00e9l. : Consulat honoraire \u00e0 MarseilleMonsieur Fr\u00e9d\u00e9ric Berthoz &#8211;<\/p>\n","protected":false},"author":1,"featured_media":0,"parent":0,"menu_order":0,"comment_status":"closed","ping_status":"closed","template":"","meta":[],"_links":{"self":[{"href":"https:\/\/www.ambassadeniger-fr.org\/version-wp-2019\/index.php?rest_route=\/wp\/v2\/pages\/46"}],"collection":[{"href":"https:\/\/www.ambassadeniger-fr.org\/version-wp-2019\/index.php?rest_route=\/wp\/v2\/pages"}],"about":[{"href":"https:\/\/www.ambassadeniger-fr.org\/version-wp-2019\/index.php?rest_route=\/wp\/v2\/types\/page"}],"author":[{"embeddable":true,"href":"https:\/\/www.ambassadeniger-fr.org\/version-wp-2019\/index.php?rest_route=\/wp\/v2\/users\/1"}],"replies":[{"embeddable":true,"href":"https:\/\/www.ambassadeniger-fr.org\/version-wp-2019\/index.php?rest_route=%2Fwp%2Fv2%2Fcomments&post=46"}],"version-history":[{"count":5,"href":"https:\/\/www.ambassadeniger-fr.org\/version-wp-2019\/index.php?rest_route=\/wp\/v2\/pages\/46\/revisions"}],"predecessor-version":[{"id":1108,"href":"https:\/\/www.ambassadeniger-fr.org\/version-wp-2019\/index.php?rest_route=\/wp\/v2\/pages\/46\/revisions\/1108"}],"wp:attachment":[{"href":"https:\/\/www.ambassadeniger-fr.org\/version-wp-2019\/index.php?rest_route=%2Fwp%2Fv2%2Fmedia&parent=46"}],"curies":[{"name":"wp","href":"https:\/\/api.w.org\/{rel}","templated":true}]}}