{"id":43,"date":"2019-04-07T15:07:53","date_gmt":"2019-04-07T13:07:53","guid":{"rendered":"http:\/\/www.ambassadeniger-fr.org\/version-wp-2019\/?page_id=43"},"modified":"2024-08-06T13:09:01","modified_gmt":"2024-08-06T11:09:01","slug":"ambassade-du-niger-a-paris","status":"publish","type":"page","link":"https:\/\/www.ambassadeniger-fr.org\/version-wp-2019\/?page_id=43","title":{"rendered":"Ambassade du Niger \u00e0 Paris"},"content":{"rendered":"\n<h4>Coordonn\u00e9es<\/h4>\n\n\n\n<p>Ambassade du Niger : 154, rue de Longchamp, 75116 Paris. M\u00e9tro 2. : Porte Dauphine.<\/p>\n\n\n\n<p>T\u00e9l. : 01-45-04-80-60 \/ 06-19-37-49-38<\/p>\n\n\n\n<p>Fax : 01-45-04-79-73.<\/p>\n\n\n\n<p>Mail du consulat: <strong>consulat@ambassadeniger-fr.org<\/strong><\/p>\n\n\n\n<p><strong>I &#8211;&nbsp; HORAIRES\nGENERALES D\u2019OUVERTURE ET DE FERMETURE<\/strong><\/p>\n\n\n\n<p><strong>&nbsp;&nbsp;&nbsp;&nbsp;&nbsp; DE\nL\u2019AMBASSADE&nbsp;: <\/strong><\/p>\n\n\n\n<p>&nbsp;&nbsp;&nbsp;&nbsp; du lundi au vendredi<\/p>\n\n\n\n<ul><li><strong>9H30 &#8211; 13H30<\/strong><\/li><\/ul>\n\n\n\n<ul><li>(<strong><code>13H30 -14H Suspension\/Pause)<\/code><\/strong><\/li><\/ul>\n\n\n\n<ul><li><strong>14H &#8211; 16H30<\/strong><\/li><\/ul>\n\n\n\n<p><strong>II &#8211;&nbsp;\nPOUR LE SERVICE CONSULAIRE<\/strong><\/p>\n\n\n\n<p>Les\nd\u00e9marches administratives s\u2019effectuent aupr\u00e8s du Service Consulaire <\/p>\n\n\n\n<p>de l\u2019Ambassade&nbsp;suivant\nle programme ci-apr\u00e8s&nbsp;:<strong><\/strong><\/p>\n\n\n\n<ul><li>D\u00e9p\u00f4t des dossiers&nbsp;: du lundi au vendredi<\/li><\/ul>\n\n\n\n<ul><li><strong>9H45 &#8211; 13H00<\/strong><\/li><\/ul>\n\n\n\n<ul><li>Retrait des dossiers&nbsp;:&nbsp; du\nlundi au vendredi<\/li><\/ul>\n\n\n\n<ul><li><strong>14H00 &#8211; 16H30<\/strong><\/li><\/ul>\n\n\n\n<p>Les\nd\u00e9p\u00f4ts et retraits des passeports et autres documents administratifs ne peuvent\n\u00eatre effectu\u00e9s que par les int\u00e9ress\u00e9s eux-m\u00eames ou par une personne d\u00fbment\nmandat\u00e9e, selon les indications qui sont donn\u00e9es par les assistants Consulaires\nau moment du d\u00e9p\u00f4t des dossiers.<\/p>\n\n\n\n<p><strong>NB<\/strong><strong>&nbsp;:<\/strong><\/p>\n\n\n\n<p><strong>&nbsp;&nbsp;&nbsp;&nbsp;&nbsp;&nbsp;&nbsp;&nbsp;&nbsp;&nbsp;&nbsp; 1)\nLe service est ferm\u00e9 de <\/strong><strong>13H00 \u00e0 14H00<\/strong><strong><\/strong><\/p>\n\n\n\n<p><strong>&nbsp;&nbsp;&nbsp;&nbsp;&nbsp;&nbsp;&nbsp;&nbsp;&nbsp;&nbsp; 2) Aucun dossier incomplet ne pourra\n\u00eatre trait\u00e9<\/strong><\/p>\n\n\n\n<p><strong>&nbsp;&nbsp;&nbsp;&nbsp;&nbsp; &nbsp;&nbsp;&nbsp;&nbsp;&nbsp;3) Il convient de noter que les frais Consulaires ne sont, en aucun cas, remboursables .\/-<\/strong><\/p>\n\n\n\n<p><strong>&nbsp;&nbsp;&nbsp;&nbsp;&nbsp;&nbsp;<\/strong>      <strong>4)  Les Usagers sont re\u00e7us dans l&rsquo;ordre d&rsquo;arriv\u00e9e<\/strong>.<\/p>\n\n\n\n<p>Les services de l&rsquo;Ambassade sont ferm\u00e9s les jours f\u00e9ri\u00e9s fran\u00e7ais et nig\u00e9riens. <\/p>\n\n\n\n<p>Internet : <strong>www.ambassadeniger-fr.org<\/strong> et adresse mail : <strong>consulat@ambassadeniger-fr.org<\/strong><\/p>\n","protected":false},"excerpt":{"rendered":"<p>Coordonn\u00e9es Ambassade du Niger : 154, rue de Longchamp, 75116 Paris. M\u00e9tro 2. : Porte Dauphine. T\u00e9l. : 01-45-04-80-60 \/<\/p>\n","protected":false},"author":1,"featured_media":0,"parent":0,"menu_order":0,"comment_status":"closed","ping_status":"closed","template":"","meta":[],"_links":{"self":[{"href":"https:\/\/www.ambassadeniger-fr.org\/version-wp-2019\/index.php?rest_route=\/wp\/v2\/pages\/43"}],"collection":[{"href":"https:\/\/www.ambassadeniger-fr.org\/version-wp-2019\/index.php?rest_route=\/wp\/v2\/pages"}],"about":[{"href":"https:\/\/www.ambassadeniger-fr.org\/version-wp-2019\/index.php?rest_route=\/wp\/v2\/types\/page"}],"author":[{"embeddable":true,"href":"https:\/\/www.ambassadeniger-fr.org\/version-wp-2019\/index.php?rest_route=\/wp\/v2\/users\/1"}],"replies":[{"embeddable":true,"href":"https:\/\/www.ambassadeniger-fr.org\/version-wp-2019\/index.php?rest_route=%2Fwp%2Fv2%2Fcomments&post=43"}],"version-history":[{"count":19,"href":"https:\/\/www.ambassadeniger-fr.org\/version-wp-2019\/index.php?rest_route=\/wp\/v2\/pages\/43\/revisions"}],"predecessor-version":[{"id":1203,"href":"https:\/\/www.ambassadeniger-fr.org\/version-wp-2019\/index.php?rest_route=\/wp\/v2\/pages\/43\/revisions\/1203"}],"wp:attachment":[{"href":"https:\/\/www.ambassadeniger-fr.org\/version-wp-2019\/index.php?rest_route=%2Fwp%2Fv2%2Fmedia&parent=43"}],"curies":[{"name":"wp","href":"https:\/\/api.w.org\/{rel}","templated":true}]}}