{"id":22,"date":"2019-04-07T15:03:11","date_gmt":"2019-04-07T13:03:11","guid":{"rendered":"http:\/\/www.ambassadeniger-fr.org\/version-wp-2019\/?page_id=22"},"modified":"2021-08-04T10:32:53","modified_gmt":"2021-08-04T08:32:53","slug":"presentation-du-pays","status":"publish","type":"page","link":"https:\/\/www.ambassadeniger-fr.org\/version-wp-2019\/?page_id=22","title":{"rendered":"Pr\u00e9sentation du pays"},"content":{"rendered":"\n<h5>La R\u00e9publique du Niger<\/h5>\n\n\n\n<p>La R\u00e9publique du Niger c\u00e9l\u00e8bre ses 60 ans. Le 18 d\u00e9cembre 1958, le \u00ab Territoire du Niger \u00bb est proclam\u00e9 R\u00e9publique du Niger, mais le pays n\u2019a pas encore acc\u00e9d\u00e9 \u00e0 son Ind\u00e9pendance. Le 25 f\u00e9vrier 1959, la premi\u00e8re Constitution de la R\u00e9publique du Niger est promulgu\u00e9e en conseil des ministres. Elle instaure un r\u00e9gime politique parlementaire et caract\u00e9ris\u00e9 par une forte pr\u00e9pond\u00e9rance de l\u2019ex\u00e9cutif. L\u2019Assembl\u00e9e Constituante s\u2019\u00e9rige en Assembl\u00e9e l\u00e9gislative. L\u2019accession du Niger \u00e0 l\u2019Ind\u00e9pendance le 3 ao\u00fbt 1960 permet au Pays de se doter d\u2019une nouvelle Assembl\u00e9e Nationale par la loi N\u00b060 &#8211; 043\/AL du 29 juillet 1960. La premi\u00e8re Constitution est promulgu\u00e9e par le D\u00e9cret N\u00b060-148 dat\u00e9 du m\u00eame jour. Le 8 novembre 1960, l\u2019Assembl\u00e9e Nationale nig\u00e9rienne \u00e9lit Monsieur Hamani Diori au poste de premier Pr\u00e9sident de la R\u00e9publique du Niger. La Constitution de la R\u00e9publique du Niger est la loi fondamentale. La Constitution actuelle, adopt\u00e9e par r\u00e9f\u00e9rendum le 31 octobre 2010, a \u00e9t\u00e9 promulgu\u00e9e le 25 novembre de la m\u00eame ann\u00e9e, instaurant de ce fait la Septi\u00e8me R\u00e9publique nig\u00e9rienne.<\/p>\n\n\n\n<p>La R\u00e9publique du Niger a connu sept Constitutions depuis 1959 \u00e0 nos jours :<\/p>\n\n\n\n<ul><li>1. Constitution de 1960 instituant la Premi\u00e8re R\u00e9publique<\/li><li>2. Constitution de 1989 instituant la Seconde R\u00e9publique<\/li><li>3. Constitution de 1992 instituant la Troisi\u00e8me R\u00e9publique<\/li><li>4. Constitution de 1996 instituant la Quatri\u00e8me R\u00e9publique<\/li><li>5. Constitution de 1999 instituant la Cinqui\u00e8me R\u00e9publique<\/li><li>6. Constitution de 2009 instituant la Sixi\u00e8me R\u00e9publique<\/li><li>7. Constitution de 2010 instituant la Septi\u00e8me R\u00e9publique<\/li><\/ul>\n\n\n\n<p>Le Niger est une R\u00e9publique d\u00e9mocratique dont le r\u00e9gime politique est de type semi-pr\u00e9sidentiel, fond\u00e9 sur le principe de la s\u00e9paration des Pouvoirs. Le Pr\u00e9sident de la R\u00e9publique est le Chef de l\u2019\u00c9tat, le Premier ministre est le Chef du Gouvernement. Le syst\u00e8me politique est fond\u00e9 sur le multipartisme. Le pouvoir ex\u00e9cutif est exerc\u00e9 par le Gouvernement, et le pouvoir l\u00e9gislatif est d\u00e9tenu par l\u2019Assembl\u00e9e Nationale nig\u00e9rienne ; avec une possibilit\u00e9 laiss\u00e9e au Gouvernement de l\u00e9gif\u00e9rer dans certaines conditions. Le Pouvoir judiciaire est ind\u00e9pendant.<\/p>\n\n\n\n<h5>Principaux Rep\u00e8res<\/h5>\n\n\n\n<p>\u2013&nbsp;<strong>Population<\/strong>&nbsp;: 20 751 801 habitants (estimation 2017).<br> \u2013&nbsp;<strong>Superficie<\/strong>&nbsp;: 1 267 000 km\u00b2.<br> \u2013&nbsp;<strong>Capitale<\/strong>&nbsp;: Niamey.<br> \u2013&nbsp;<strong>Langues<\/strong>&nbsp;: fran\u00e7ais (langue officielle), haoussa, Zarma, tamachek, peul, kanuri, arabe et toubou<\/p>\n\n\n\n<p>\u2013&nbsp;<strong>Monnaie :<\/strong>&nbsp;franc de la Communaut\u00e9 Financi\u00e8re Africaine (F CFA) align\u00e9 sur l\u2019euro. 1euro \u00e9gale 656 F CFA.<\/p>\n\n\n\n<p>\u2013\u00a0<strong>R\u00e9gime :<\/strong>\u00a0R\u00e9gime d\u00e9mocratique.<br> \u2013\u00a0<strong>Chef de l\u2019\u00c9tat :\u00a0<\/strong>SEM. MOHAMED BAZOUM<br> \u2013\u00a0<strong>Sites class\u00e9s au Patrimoine mondial :<\/strong>\u00a0les r\u00e9serves naturelles de l\u2019A\u00efr et du T\u00e9n\u00e9r\u00e9 (1991), le parc national du W (1996).<br> Le Niger est divis\u00e9 en 8 r\u00e9gions \u00e0 savoir\u00a0<a href=\"http:\/\/fr.wikipedia.org\/wiki\/Agadez\">Agadez<\/a>, Diffa,\u00a0<a href=\"http:\/\/fr.wikipedia.org\/wiki\/Dosso_%28r%C3%A9gion%29\">Dosso<\/a>,\u00a0<a href=\"http:\/\/fr.wikipedia.org\/wiki\/Maradi\">Maradi<\/a>, Niamey,\u00a0<a href=\"http:\/\/fr.wikipedia.org\/wiki\/Tahoua\">Tahoua<\/a>,\u00a0<a href=\"http:\/\/fr.wikipedia.org\/wiki\/Tillaberi\">Tillaberi<\/a>,\u00a0<a href=\"http:\/\/fr.wikipedia.org\/wiki\/Zinder\">Zinder<\/a>,Ces r\u00e9gions sont depuis 2004 divis\u00e9es en d\u00e9partements, 36 au total.<\/p>\n\n\n\n<p><a href=\"http:\/\/fr.wikipedia.org\/wiki\/Niamey\">Niamey<\/a>&nbsp;est une communaut\u00e9 urbaine distincte.<\/p>\n\n\n\n<p>Avec une superficie de 1.267.000 km2, le Niger est le pays le plus vaste de l\u2019Afrique de l\u2019ouest.<br> Il partage des fronti\u00e8res communes avec l\u2019Alg\u00e9rie, la Libye, le Tchad, le Nigeria, le&nbsp;<a href=\"http:\/\/fr.wikipedia.org\/wiki\/B%C3%A9nin\">B\u00e9nin<\/a>, le&nbsp;<a href=\"http:\/\/fr.wikipedia.org\/wiki\/Burkina_Faso\">Burkina Faso<\/a>, et le&nbsp;<a href=\"http:\/\/fr.wikipedia.org\/wiki\/Mali\">Mali<\/a>&nbsp;et le&nbsp;<a href=\"http:\/\/fr.wikipedia.org\/wiki\/Nigeria\">Nigeria.<\/a>&nbsp; Il constitue de part cette position g\u00e9ographique un pays tampon entre l\u2019Afrique blanche et l\u2019Afrique noire.<\/p>\n\n\n\n<p>Ses citoyens sont appel\u00e9s \u00ab&nbsp;nig\u00e9riens&nbsp;\u00bb \u00e0 nuancer avec \u00ab&nbsp; nig\u00e9rians&nbsp;\u00bb citoyens de la&nbsp; R\u00e9publique F\u00e9d\u00e9rale du Nigeria.<\/p>\n","protected":false},"excerpt":{"rendered":"<p>La R\u00e9publique du Niger La R\u00e9publique du Niger c\u00e9l\u00e8bre ses 60 ans. Le 18 d\u00e9cembre 1958, le \u00ab Territoire du<\/p>\n","protected":false},"author":1,"featured_media":0,"parent":0,"menu_order":0,"comment_status":"closed","ping_status":"closed","template":"","meta":[],"_links":{"self":[{"href":"https:\/\/www.ambassadeniger-fr.org\/version-wp-2019\/index.php?rest_route=\/wp\/v2\/pages\/22"}],"collection":[{"href":"https:\/\/www.ambassadeniger-fr.org\/version-wp-2019\/index.php?rest_route=\/wp\/v2\/pages"}],"about":[{"href":"https:\/\/www.ambassadeniger-fr.org\/version-wp-2019\/index.php?rest_route=\/wp\/v2\/types\/page"}],"author":[{"embeddable":true,"href":"https:\/\/www.ambassadeniger-fr.org\/version-wp-2019\/index.php?rest_route=\/wp\/v2\/users\/1"}],"replies":[{"embeddable":true,"href":"https:\/\/www.ambassadeniger-fr.org\/version-wp-2019\/index.php?rest_route=%2Fwp%2Fv2%2Fcomments&post=22"}],"version-history":[{"count":5,"href":"https:\/\/www.ambassadeniger-fr.org\/version-wp-2019\/index.php?rest_route=\/wp\/v2\/pages\/22\/revisions"}],"predecessor-version":[{"id":762,"href":"https:\/\/www.ambassadeniger-fr.org\/version-wp-2019\/index.php?rest_route=\/wp\/v2\/pages\/22\/revisions\/762"}],"wp:attachment":[{"href":"https:\/\/www.ambassadeniger-fr.org\/version-wp-2019\/index.php?rest_route=%2Fwp%2Fv2%2Fmedia&parent=22"}],"curies":[{"name":"wp","href":"https:\/\/api.w.org\/{rel}","templated":true}]}}