{"id":1124,"date":"2023-09-06T15:58:53","date_gmt":"2023-09-06T13:58:53","guid":{"rendered":"https:\/\/www.ambassadeniger-fr.org\/version-wp-2019\/?page_id=1124"},"modified":"2023-09-06T16:32:23","modified_gmt":"2023-09-06T14:32:23","slug":"lhonneur-de-la-patrie-2","status":"publish","type":"page","link":"https:\/\/www.ambassadeniger-fr.org\/version-wp-2019\/?page_id=1124","title":{"rendered":"L&rsquo;Honneur de la Patrie&rsquo;"},"content":{"rendered":"\n<p class=\"has-medium-font-size\">Des rives du Niger aux confins du T\u00e9n\u00e9r\u00e9<\/p>\n\n\n\n<p class=\"has-medium-font-size\">Fr\u00e8res et s\u0153urs nous sommes<\/p>\n\n\n\n<p class=\"has-medium-font-size\">Enfants d\u2019une m\u00eame Patrie le Niger<\/p>\n\n\n\n<p class=\"has-medium-font-size\">Nourris de la s\u00e8ve des m\u00eames id\u00e9aux<\/p>\n\n\n\n<p class=\"has-medium-font-size\">Pour un Niger de paix libre fort et uni<\/p>\n\n\n\n<p class=\"has-medium-font-size\">Pour un Niger prosp\u00e8re le Pays de nos r\u00eaves<\/p>\n\n\n\n<div style=\"height:60px\" aria-hidden=\"true\" class=\"wp-block-spacer\"><\/div>\n\n\n\n<p class=\"has-medium-font-size\">Pour l\u2019honneur de la Patrie<\/p>\n\n\n\n<p class=\"has-medium-font-size\">Incarnons la vaillance et la pers\u00e9v\u00e9rance<\/p>\n\n\n\n<p class=\"has-medium-font-size\">Et toutes les vertus de nos dignes a\u00efeux<\/p>\n\n\n\n<p class=\"has-medium-font-size\">Guerriers intr\u00e9pides d\u00e9termin\u00e9s et fiers<\/p>\n\n\n\n<p class=\"has-medium-font-size\">D\u00e9fendons la patrie au prix de notre sang<\/p>\n\n\n\n<p class=\"has-medium-font-size\">Faisons du Niger symbole de dignit\u00e9<\/p>\n\n\n\n<p class=\"has-medium-font-size\">Embl\u00e8me et flambeau de l\u2019Afrique qui avance<\/p>\n\n\n\n<div style=\"height:61px\" aria-hidden=\"true\" class=\"wp-block-spacer\"><\/div>\n\n\n\n<p class=\"has-medium-font-size\">Pour ces nobles id\u00e9aux debout et en avant<\/p>\n\n\n\n<p class=\"has-medium-font-size\">En avant pour le travail en avant pour le combat<\/p>\n\n\n\n<p class=\"has-medium-font-size\">Nous demeurons debout<\/p>\n\n\n\n<p class=\"has-medium-font-size\">Portant haut le drapeau de notre cher Pays<\/p>\n\n\n\n<p class=\"has-medium-font-size\">Dans le ciel d\u2019Afrique et dans tout l\u2019Univers<\/p>\n\n\n\n<p class=\"has-medium-font-size\">Pour construire ensemble<\/p>\n\n\n\n<p class=\"has-medium-font-size\">Un monde de justice de paix et de progr\u00e8s<\/p>\n\n\n\n<p class=\"has-medium-font-size\">Et pour faire du Niger la fiert\u00e9 de l\u2019Afrique.<\/p>\n","protected":false},"excerpt":{"rendered":"<p>Des rives du Niger aux confins du T\u00e9n\u00e9r\u00e9 Fr\u00e8res et s\u0153urs nous sommes Enfants d\u2019une m\u00eame Patrie le Niger Nourris<\/p>\n","protected":false},"author":1,"featured_media":0,"parent":0,"menu_order":0,"comment_status":"closed","ping_status":"closed","template":"","meta":[],"_links":{"self":[{"href":"https:\/\/www.ambassadeniger-fr.org\/version-wp-2019\/index.php?rest_route=\/wp\/v2\/pages\/1124"}],"collection":[{"href":"https:\/\/www.ambassadeniger-fr.org\/version-wp-2019\/index.php?rest_route=\/wp\/v2\/pages"}],"about":[{"href":"https:\/\/www.ambassadeniger-fr.org\/version-wp-2019\/index.php?rest_route=\/wp\/v2\/types\/page"}],"author":[{"embeddable":true,"href":"https:\/\/www.ambassadeniger-fr.org\/version-wp-2019\/index.php?rest_route=\/wp\/v2\/users\/1"}],"replies":[{"embeddable":true,"href":"https:\/\/www.ambassadeniger-fr.org\/version-wp-2019\/index.php?rest_route=%2Fwp%2Fv2%2Fcomments&post=1124"}],"version-history":[{"count":10,"href":"https:\/\/www.ambassadeniger-fr.org\/version-wp-2019\/index.php?rest_route=\/wp\/v2\/pages\/1124\/revisions"}],"predecessor-version":[{"id":1143,"href":"https:\/\/www.ambassadeniger-fr.org\/version-wp-2019\/index.php?rest_route=\/wp\/v2\/pages\/1124\/revisions\/1143"}],"wp:attachment":[{"href":"https:\/\/www.ambassadeniger-fr.org\/version-wp-2019\/index.php?rest_route=%2Fwp%2Fv2%2Fmedia&parent=1124"}],"curies":[{"name":"wp","href":"https:\/\/api.w.org\/{rel}","templated":true}]}}