{"id":1040,"date":"2023-08-24T16:03:53","date_gmt":"2023-08-24T14:03:53","guid":{"rendered":"https:\/\/www.ambassadeniger-fr.org\/version-wp-2019\/?page_id=1040"},"modified":"2023-08-25T11:29:37","modified_gmt":"2023-08-25T09:29:37","slug":"message-a-la-nation-du-president-du-cnsp-chef-de-letat-le-general-de-brigade-abdourahamane-tiani","status":"publish","type":"page","link":"https:\/\/www.ambassadeniger-fr.org\/version-wp-2019\/?page_id=1040","title":{"rendered":"Message \u00e0 la Nation du Pr\u00e9sident du CNSP, Chef de l\u2019Etat, le G\u00e9n\u00e9ral de Brigade Abdourahamane Tiani"},"content":{"rendered":"\n<p><strong>Nig\u00e9riennes, Nig\u00e9riens,<\/strong><\/p>\n\n\n\n<p><strong>Mes chers compatriotes<\/strong><\/p>\n\n\n\n<p><\/p>\n\n\n\n<p><\/p>\n\n\n\n<p><\/p>\n\n\n\n<p>Ces sanctions visent notamment \u00e0 nous priver de ressources financi\u00e8res indispensables au fonctionnement de nos institutions, \u00e0 entraver notre vie quotidienne et \u00e0 \u00e9touffer notre \u00e9conomie et le petit commerce.<\/p>\n\n\n\n<p>En outre, ces sanctions vont jusqu\u2019\u00e0 priver d\u00e9lib\u00e9r\u00e9ment nos laborieuses populations de tout approvisionnement en produits alimentaires et pharmaceutiques.<\/p>\n\n\n\n<p>Finalement, comme s\u2019il y avait un plan visant le d\u00e9mant\u00e8lement de notre pays, la CEDEAO s\u2019appr\u00eate \u00e0 agresser le Niger en mettant sur pied une arm\u00e9e d\u2019occupation en complicit\u00e9 avec une puissance qui est \u00e9trang\u00e8re \u00e0 notre espace communautaire et \u00e0 notre continent.<\/p>\n\n\n\n<p>Ces sanctions sont ill\u00e9gales parce que contraires au principe d\u2019int\u00e9gration, de solidarit\u00e9 et de libre circulation dans une communaut\u00e9 telle que la CEDEAO. Ce caract\u00e8re ill\u00e9gal est du reste attest\u00e9 par la jurisprudence en la mati\u00e8re.<\/p>\n\n\n\n<p>Ces sanctions sont surtout inhumaines.<\/p>\n\n\n\n<p>Comment comprendre en effet qu\u2019on laisse pourrir aux fronti\u00e8res, des produits alimentaires et pharmaceutiques de premi\u00e8re n\u00e9cessit\u00e9 destin\u00e9s \u00e0 des populations dans le besoin ?<\/p>\n\n\n\n<p>Comment comprendre que l\u2019on impose \u00e0 des populations des sanctions qui vont jusqu\u2019\u00e0 les priver de courant \u00e9lectrique, en laissant les malades mourir dans les h\u00f4pitaux ?<\/p>\n\n\n\n<p>Ces sanctions ne sont pas pens\u00e9es dans une optique de recherche de solution, mais pour nous mettre \u00e0 genoux et nous humilier. Comme vous le savez, elles ont \u00e9t\u00e9 prises sans consultation pr\u00e9alable ni des autorit\u00e9s de transition, ni des instances r\u00e9gionales, ni des parlements nationaux, ni des populations s\u0153urs des pays de la communaut\u00e9.<\/p>\n\n\n\n<p><strong>Nig\u00e9riennes, Nig\u00e9riens,<\/strong><\/p>\n\n\n\n<p><strong>Mes chers compatriotes,<\/strong><\/p>\n\n\n\n<p>Ceux qui ont pris ces sanctions cruelles et menacent de tuer des milliers de Nig\u00e9riens esp\u00e8rent ainsi les diviser et imposer \u00e0 notre vaillant peuple leur volont\u00e9.<\/p>\n\n\n\n<p>Ils pensent pouvoir nous contraindre \u00e0 accepter par la force ce qui est profond\u00e9ment inacceptable car contraire \u00e0 nos int\u00e9r\u00eats vitaux et \u00e0 nos valeurs cardinales. Ils veulent isoler notre pays \u00e0 un moment o\u00f9 notre peuple a le plus besoin de la solidarit\u00e9 communautaire pour mieux faire face au terrorisme et \u00e0 l\u2019ins\u00e9curit\u00e9.<\/p>\n\n\n\n<p>Ils ne semblent pas mesurer l\u2019ampleur des contrecoups qu\u2019une agression militaire contre le Niger aurait sur toute la r\u00e9gion.<\/p>\n\n\n\n<p>Ils semblent ignorer que c\u2019est en grande partie gr\u00e2ce au professionnalisme et \u00e0 la vaillance de nos Forces de D\u00e9fense et de S\u00e9curit\u00e9 que le Niger est rest\u00e9 le verrou qui emp\u00eache les hordes de terroristes de d\u00e9stabiliser l\u2019ensemble de notre r\u00e9gion.<\/p>\n\n\n\n<p>Heureusement, dans plusieurs pays voisins comme lointains, membres de la communaut\u00e9 ou non, des leaders visionnaires et des populations solidaires ont exprim\u00e9 et expriment leur opposition \u00e0 toute intervention qui ouvrirait une v\u00e9ritable boite de pandore.<\/p>\n\n\n\n<p><strong>Nig\u00e9riennes, Nig\u00e9riens,<\/strong><\/p>\n\n\n\n<p><strong>Mes chers compatriotes,<\/strong><\/p>\n\n\n\n<p>Il est paradoxal que les r\u00e9actions excessives entretenues par certains acteurs externes qui tentent d\u2019imposer dans les m\u00e9dias une image caricaturale du CNSP et de son action soient autant en d\u00e9phasage par rapport aux aspirations du peuple Nig\u00e9rien.<\/p>\n\n\n\n<p>La r\u00e9action populaire observ\u00e9e dans tout le pays d\u00e9montre pourtant \u00e0 suffisance que l\u2019action des Forces de D\u00e9fense et de S\u00e9curit\u00e9 regroup\u00e9es au sein du Conseil National pour la Sauvegarde de la Patrie r\u00e9pond clairement \u00e0 l\u2019exasp\u00e9ration de l\u2019\u00e9crasante majorit\u00e9 du peuple Nig\u00e9rien qui se sent d\u00e9livr\u00e9.<\/p>\n\n\n\n<p><strong>Nig\u00e9riennes, Nig\u00e9riens,<\/strong><\/p>\n\n\n\n<p><strong>Mes chers compatriotes,<\/strong><\/p>\n\n\n\n<p>Je r\u00e9affirme ici que notre ambition n\u2019est pas de confisquer le pouvoir. Je r\u00e9affirme aussi notre disponibilit\u00e9 \u00e0 tout dialogue pour autant qu\u2019il tienne compte des orientations voulues par le peuple Nig\u00e9rien fier et r\u00e9silient.<\/p>\n\n\n\n<p>Toute approche coercitive et ignorant la qu\u00eate de souverainet\u00e9, de s\u00e9curit\u00e9 et de bonne gouvernance exprim\u00e9e clairement par la population revient \u00e0 ignorer les dynamiques profondes en \u0153uvre dans les pays sah\u00e9liens abandonn\u00e9s \u00e0 leur sort depuis plus de 10 ans par ceux-l\u00e0 m\u00eames qui, au lieu de les aider \u00e0 combattre les maux qui les assaillent, veulent aujourd\u2019hui les agresser.<\/p>\n\n\n\n<p>A la v\u00e9rit\u00e9, la prise de pouvoir par les FDS, aussit\u00f4t fermement soutenue par nos vaillantes populations, s\u2019inscrit dans un contexte de rejet des mod\u00e8les s\u00e9curitaires et de mauvaise gouvernance faite d\u2019injustice et de corruption mis en \u0153uvre par des r\u00e9gimes qui se pr\u00e9tendent d\u00e9mocratiques mais qui en r\u00e9alit\u00e9, d\u00e9voient et discr\u00e9ditent la d\u00e9mocratie.<\/p>\n\n\n\n<p>Le CNSP adh\u00e8re pleinement au principe du libre choix des gouvernants par le peuple. &nbsp;Mais pour que le peuple puisse choisir ses dirigeants, il faut un syst\u00e8me transparent dans lequel les opposants ne sont pas emprisonn\u00e9s ou exil\u00e9s, dans lequel une v\u00e9ritable alternance est possible et dans lequel la soci\u00e9t\u00e9 civile peut librement s\u2019exprimer et manifester, sans \u00eatre inqui\u00e9t\u00e9e.<\/p>\n\n\n\n<p>Le soutien massif des populations au CNSP au Niger comme chez nos fr\u00e8res Malien, Burkinab\u00e8 et Guin\u00e9en, entre autres, traduit non par le d\u00e9sir d\u2019une gouvernance autocratique, mais un d\u00e9sir de d\u00e9mocratie v\u00e9ritable porteur de bien \u00eatre pour tous. Nous en sommes parfaitement conscients.<\/p>\n\n\n\n<p><strong>Nig\u00e9riennes, Nig\u00e9riens,<\/strong><\/p>\n\n\n\n<p><strong>Mes chers compatriotes,<\/strong><\/p>\n\n\n\n<p>En tant que Soldats nous connaissons le prix d\u2019une guerre. En tant que Nig\u00e9riens et Ouest- africains, nous trouverions tragiques d\u2019aller en guerre contre nos fr\u00e8res d\u2019armes aux c\u00f4t\u00e9s desquels nous \u00e9tions engag\u00e9s hier pour s\u00e9curiser notre r\u00e9gion. Nos populations qui sont les m\u00eames de part et d\u2019autre de nos fronti\u00e8res trouvent aberrant d\u2019\u00eatre oppos\u00e9es les unes aux autres. &nbsp;En somme, ni le CNSP, ni le peuple Nig\u00e9rien ne veulent d\u2019une guerre et demeurent ouverts au dialogue.<\/p>\n\n\n\n<p>Mais que l\u2019on nous comprenne bien. Si une agression devait \u00eatre entreprise contre nous, elle ne sera pas la promenade de sant\u00e9 \u00e0 laquelle certains veulent croire. En effet, ils trouveront face \u00e0 eux 26 millions de Nig\u00e9riens, les dignes fils de Dounama Dibbalami, Idriss Alaouma, Mohamed Kosso, Souleymane Dan Timtouma, Amadou Tanimoune Kouran Daga, Ousmane Dan Fodio, Alpha Maman Djobbo, Kaocen Ag Kedda, Dan Kassaoua Agoragui, Babari Soba, Aggaba Mohamed Almoubarak, Akazama Ari Kaloumbou Oueri Manto, Mali B\u00e9ro, Soni Ali Ber et j\u2019en passe.<\/p>\n\n\n\n<p>Ainsi, forts du soutien de notre grand peuple, et avec l\u2019aide de nos fr\u00e8res du Burkina, de la Guin\u00e9e et du Mali, les Forces de d\u00e9fense et de s\u00e9curit\u00e9 du Niger ne se d\u00e9roberont pas.<\/p>\n\n\n\n<p>Pour ma part, une fois de plus, je tiens \u00e0 vous r\u00e9affirmer, mes chers compatriotes, que tout comme les autres membres du CNSP et du Gouvernement, je suis au service du Niger et de ses seuls int\u00e9r\u00eats et que je ne trahirai jamais vos esp\u00e9rances, In Sha Allah.<\/p>\n\n\n\n<p>Aussi, conscient de la n\u00e9cessit\u00e9 de structurer le nouvel \u00e9lan de patriotisme qui renait au Niger, j\u2019engage toutes les forces vives de la nation \u00e0 travers un dialogue national inclusif.<\/p>\n\n\n\n<p>L\u2019objectif de l\u2019instance d\u00e9di\u00e9e \u00e0 ce dialogue est de consulter toutes les composantes du peuple nig\u00e9rien sur les voies les meilleures permettant de poser les fondements d\u2019une nouvelle vie constitutionnelle sur des piliers profond\u00e9ment ancr\u00e9s dans nos valeurs traditionnelles et r\u00e9publicaines.<\/p>\n\n\n\n<p>Dans cette perspective, le Gouvernement est d\u2019ores et d\u00e9j\u00e0 instruit pour prendre les dispositions urgentes en vue de l\u2019organisation de ce dialogue.<\/p>\n\n\n\n<p>Dans ce cadre, les Forces vives qui y seront convi\u00e9es s\u2019att\u00e8leront, dans un d\u00e9lai de 30 jours \u00e0 formuler des propositions concr\u00e8tes devant conduire :<\/p>\n\n\n\n<p>1. A d\u00e9finir les principes fondamentaux devant r\u00e9gir notre transition ;<\/p>\n\n\n\n<p>2. A d\u00e9finir la p\u00e9riode de la transition dont la dur\u00e9e ne saurait aller au-del\u00e0 de 3 ans;<\/p>\n\n\n\n<p>3. A d\u00e9finir les priorit\u00e9s nationales durant la transition ;<\/p>\n\n\n\n<p>4. A rappeler les valeurs fondamentales devant guider la refondation de la R\u00e9publique.<\/p>\n\n\n\n<p><strong>Nig\u00e9riennes, Nig\u00e9riens,<\/strong><\/p>\n\n\n\n<p><strong>Mes chers compatriotes,<\/strong><\/p>\n\n\n\n<p>C\u2019est donc entre Nig\u00e9riens et dans le dialogue fraternel que nous allons trouver, j\u2019en suis convaincu, les solutions adapt\u00e9es \u00e0 tous les d\u00e9fis qui se posent \u00e0 nous.<\/p>\n\n\n\n<p>Accompagner dans notre \u00e9lan de sortie de crise et, ce, dans l\u2019int\u00e9r\u00eat de tous.<\/p>\n\n\n\n<p><strong>Vive le peuple nig\u00e9rien,<\/strong><\/p>\n\n\n\n<p><strong>Vive le CNSP et le Gouvernement de<\/strong><\/p>\n\n\n\n<p><strong>Transition. Vive le Niger<\/strong>.<\/p>\n","protected":false},"excerpt":{"rendered":"<p>Nig\u00e9riennes, Nig\u00e9riens, Mes chers compatriotes Ces sanctions visent notamment \u00e0 nous priver de ressources financi\u00e8res indispensables au fonctionnement de nos<\/p>\n","protected":false},"author":1,"featured_media":0,"parent":0,"menu_order":0,"comment_status":"closed","ping_status":"closed","template":"","meta":[],"_links":{"self":[{"href":"https:\/\/www.ambassadeniger-fr.org\/version-wp-2019\/index.php?rest_route=\/wp\/v2\/pages\/1040"}],"collection":[{"href":"https:\/\/www.ambassadeniger-fr.org\/version-wp-2019\/index.php?rest_route=\/wp\/v2\/pages"}],"about":[{"href":"https:\/\/www.ambassadeniger-fr.org\/version-wp-2019\/index.php?rest_route=\/wp\/v2\/types\/page"}],"author":[{"embeddable":true,"href":"https:\/\/www.ambassadeniger-fr.org\/version-wp-2019\/index.php?rest_route=\/wp\/v2\/users\/1"}],"replies":[{"embeddable":true,"href":"https:\/\/www.ambassadeniger-fr.org\/version-wp-2019\/index.php?rest_route=%2Fwp%2Fv2%2Fcomments&post=1040"}],"version-history":[{"count":2,"href":"https:\/\/www.ambassadeniger-fr.org\/version-wp-2019\/index.php?rest_route=\/wp\/v2\/pages\/1040\/revisions"}],"predecessor-version":[{"id":1087,"href":"https:\/\/www.ambassadeniger-fr.org\/version-wp-2019\/index.php?rest_route=\/wp\/v2\/pages\/1040\/revisions\/1087"}],"wp:attachment":[{"href":"https:\/\/www.ambassadeniger-fr.org\/version-wp-2019\/index.php?rest_route=%2Fwp%2Fv2%2Fmedia&parent=1040"}],"curies":[{"name":"wp","href":"https:\/\/api.w.org\/{rel}","templated":true}]}}